{"id":16,"date":"2009-11-12T00:06:52","date_gmt":"2009-11-12T02:06:52","guid":{"rendered":"http:\/\/www.academiacarvalho.com.br\/site2010\/?page_id=16"},"modified":"2022-01-10T18:56:08","modified_gmt":"2022-01-10T20:56:08","slug":"quem-somos","status":"publish","type":"page","link":"http:\/\/www.academiacarvalho.com.br\/site2010\/?page_id=16","title":{"rendered":"Quem Somos"},"content":{"rendered":"<p>Gr\u00e3o Mestre Alzemiro de Carvalho desde crian\u00e7a acreditou em ser um instrutor e praticante de artes marciais. Em Sapucaia do Sul, cidade onde chegou de Santa Cruz do Sul aos sete anos, costumava praticar em meio a natureza juntamente com um instrutor. Passaram-se os anos e conseguiu entrar em uma academia de Porto Alegre onde conheceu um mestre coreano e seus filhos, todos praticantes de Taekwondo.<br \/>\nDurante anos viveu entre estudos da escola, trabalho e treinamentos quase di\u00e1rios de Taekwondo, quando ent\u00e3o, seu sonho de crian\u00e7a, come\u00e7ou a tornar-se real ao se formar faixa preta de Taekwondo em 1983, assim come\u00e7ou uma grande hist\u00f3ria.<\/p>\n<p>Quando Mestre China se formou foi indicado por seu mestre que fosse para Bento Gon\u00e7alves trabalhar e ter sua pr\u00f3pria academia. Em 1984 foi aberta sua primeira academia, permaneceu l\u00e1 na serra ga\u00facha dando aulas de Taekwondo tamb\u00e9m em Carlos Barbosa e Garibaldi, durante tr\u00eas anos e meio. Voltou para S\u00e3o Leopoldo a convite do propriet\u00e1rio da academia Garra, que infelizmente n\u00e3o existe mais.<\/p>\n<p>Mestre China deu aulas durante dez anos nesta academia, quando se formou Mestre em Taekwondo. Resolveu ent\u00e3o, ter novamente sua pr\u00f3pria academia, nascia assim a conhecida Academia Carvalho. Estamos \u00e0 quase treze anos na Avenida Dom Jo\u00e3o Becker 570, no Centro de S\u00e3o Leopoldo num local muito privilegiado em frente a pra\u00e7a do imigrante, entre a rodovi\u00e1ria e o gin\u00e1sio municipal de esportes e vizinhos da c\u00e2mara de vereadores.<\/p>\n<p>Mestre China trabalha ali juntamente com sua esposa e seus filhos, todos formados faixas pretas de Taekwondo, filiados a Federa\u00e7\u00e3o Ga\u00facha de Taekwondo, confederados \u00e0 Confedera\u00e7\u00e3o Brasileira de Taekwondo e reconhecidos pela KUKKIWON &#8211; Federa\u00e7\u00e3o Mundial de Taekwondo com sede em Seul, Cor\u00e9ia do Sul.<br \/>\nAtualmente Mestre China \u00e9 vice-presidente da Federa\u00e7\u00e3o Ga\u00facha de Taekwondo, Bacharel em Educa\u00e7\u00e3o F\u00edsica (Ulbra) Canoas e \u00e9 credenciado pelo Conselho Regional de Educa\u00e7\u00e3o F\u00edsica (CREF).<\/p>\n<p>Ele e sua fam\u00edlia amam o que ensinam, acreditam em seu trabalho e s\u00e3o pessoas evang\u00e9licas que tem muita f\u00e9 em Deus Jeov\u00e1 e assim est\u00e3o dispon\u00edveis a todas as pessoas independentemente de ra\u00e7a, cor, idade para conhecer o trabalho da Academia Carvalho e seus profissionais.<\/p>\n<p>Temos ainda Hapkido, arte marcial e defesa pessoal e Muay Thai, boxe tailand\u00eas. Est\u00e1 sendo inaugurada em Sapucaia do Sul a Carvalho Artes Marciais liderada pelo filho do Mestre China, Luiz Felipe Silva de Carvalho, faixa preta 6\u00ba Dan de Taekwondo, 4\u00ba Dan de Hapkido e 12\u00ba Khan de Muay Thai. Agora ent\u00e3o a cidade onde o menino sonhava em ser instrutor de artes marciais conta com mais uma Academia Carvalho liderada por seu filho e supervisionada por ele.<\/p>\n<p>Todo sonho pode ser real com f\u00e9, disciplina e perseveran\u00e7a. Essa hist\u00f3ria \u00e9 real e pode ser comprovada.<\/p>\n<p>GR\u00c3O MESTRE ALZEMIRO DE CARVALHO (CHINA)<\/p>\n<ul>\n<li>8\u00b0 DAN de Taekwondo\u00a0(FGTKD\/RS , CBTKD)<\/li>\n<li>7\u00b0 DAN de Hapkido Um Yang Kwan (HHA, KIDO)<\/li>\n<li>13\u00ba KHAN de Muaythai Boran (KMA\/WBMF)<\/li>\n<li>6\u00b0 Dan de Kickboxing FGKT\/CBKBT\/ISKA<\/li>\n<li>Treinador de Boxe Ol\u00edmpico\u00a0(FGB \/ CBBOXE)<\/li>\n<li>Membro do Conselho de Mestres da FGTKD<\/li>\n<li>Diretor T\u00e9cnico da FGMM<\/li>\n<li>Bacharel em Educa\u00e7\u00e3o F\u00edsica<\/li>\n<\/ul>\n<p>MESTRE LUIZ FELIPE SILVA DE CARVALHO<\/p>\n<ul>\n<li>6\u00b0 DAN de Taekwondo (FGTKD\/RS , CBTKD)<\/li>\n<li>5\u00b0 DAN de Hapkido<\/li>\n<li>12\u00ba KHAN de\u00a0 Muaythai Boran (KMA\/WBMF)<\/li>\n<li>1\u00ba DAN de Aikido Kobukai (Sansuikai)<\/li>\n<li>Faixa Preta de Brazilian Jiu-Jitsu (CBJJ\/IBJJF)<\/li>\n<li>T\u00e9cnico de Boxe Ol\u00edmpico (FGB \/ CBBOXE)<\/li>\n<li>Licenciado em Educa\u00e7\u00e3o F\u00edsica<\/li>\n<\/ul>\n<p>PROFESSORA VERA L\u00daCIA SILVA DE CARVALHO<\/p>\n<ul>\n<li>2\u00b0 DAN de Taekwondo\u00a0(FGTKD\/RS , CBTKD)<\/li>\n<\/ul>\n<p>KRU DANIEL SILVA DE CARVALHO<\/p>\n<ul>\n<li>12\u00ba KHAN de\u00a0 Muaythai Boran (KMA\/WBMF)<\/li>\n<li>T\u00e9cnico de Boxe Ol\u00edmpico (FGB \/ CBBOXE)<\/li>\n<li>1\u00ba DAN\u00a0Taekwondo (FGTKD\/RS , CBTKD)<\/li>\n<\/ul>\n<p>Obrigada.<br \/>\nVera Carvalho<br \/>\n<em>(instrut. de Taekwondo e coord. do grupo Mestre China)<\/em><\/p>\n","protected":false},"excerpt":{"rendered":"<p>Gr\u00e3o Mestre Alzemiro de Carvalho desde crian\u00e7a acreditou em ser um instrutor e praticante de artes marciais. Em Sapucaia do Sul, cidade onde chegou de Santa Cruz do Sul aos sete anos, costumava praticar em meio a natureza juntamente com um instrutor. Passaram-se os anos e conseguiu entrar em uma academia de Porto Alegre onde [&hellip;]<\/p>\n","protected":false},"author":1,"featured_media":0,"parent":0,"menu_order":1,"comment_status":"closed","ping_status":"closed","template":"","meta":[],"_links":{"self":[{"href":"http:\/\/www.academiacarvalho.com.br\/site2010\/index.php?rest_route=\/wp\/v2\/pages\/16"}],"collection":[{"href":"http:\/\/www.academiacarvalho.com.br\/site2010\/index.php?rest_route=\/wp\/v2\/pages"}],"about":[{"href":"http:\/\/www.academiacarvalho.com.br\/site2010\/index.php?rest_route=\/wp\/v2\/types\/page"}],"author":[{"embeddable":true,"href":"http:\/\/www.academiacarvalho.com.br\/site2010\/index.php?rest_route=\/wp\/v2\/users\/1"}],"replies":[{"embeddable":true,"href":"http:\/\/www.academiacarvalho.com.br\/site2010\/index.php?rest_route=%2Fwp%2Fv2%2Fcomments&post=16"}],"version-history":[{"count":20,"href":"http:\/\/www.academiacarvalho.com.br\/site2010\/index.php?rest_route=\/wp\/v2\/pages\/16\/revisions"}],"predecessor-version":[{"id":1234,"href":"http:\/\/www.academiacarvalho.com.br\/site2010\/index.php?rest_route=\/wp\/v2\/pages\/16\/revisions\/1234"}],"wp:attachment":[{"href":"http:\/\/www.academiacarvalho.com.br\/site2010\/index.php?rest_route=%2Fwp%2Fv2%2Fmedia&parent=16"}],"curies":[{"name":"wp","href":"https:\/\/api.w.org\/{rel}","templated":true}]}}