{"id":19,"date":"2009-11-12T00:14:24","date_gmt":"2009-11-12T02:14:24","guid":{"rendered":"http:\/\/www.academiacarvalho.com.br\/site2010\/?page_id=19"},"modified":"2021-08-16T12:48:07","modified_gmt":"2021-08-16T14:48:07","slug":"muay-thai","status":"publish","type":"page","link":"http:\/\/www.academiacarvalho.com.br\/site2010\/?page_id=19","title":{"rendered":"Muaythai"},"content":{"rendered":"<p>O Muaythai, o qual tamb\u00e9m \u00e9 conhecido como Thai Boxing em alguns pa\u00edses como Estados Unidos e Inglaterra, \u00e9 muito conhecido tamb\u00e9m como Boxe Tailand\u00eas e \u00e9 uma Arte Marcial Tailandesa com mais de 2.000 anos de idade. A origem do Muaythai confunde-se com a origem do povo Tailand\u00eas. Existem v\u00e1rias vers\u00f5es sobre a origem do Muaythai. A mais aceita pela maioria dos Mestres de Muaythai e tamb\u00e9m por v\u00e1rios historiadores Tailandeses \u00e9 a seguinte: Segundo os Tailandeses, a origem de seu povo \u00e9 a prov\u00edncia de Yunnam, nas margens do rio Yang Ts\u00e9 na China Central. Muitas gera\u00e7\u00f5es atr\u00e1s eles migraram da China para o local onde atualmente \u00e9 \u00e0 Tail\u00e2ndia em busca de liberdade e de terras f\u00e9rteis para agricultura.<\/p>\n<p>Fonte: <span style=\"color: #000000;\"><a href=\"http:\/\/www.muaythaibrasil.com.br\/\" target=\"_blank\" rel=\"noopener\">www.muaythaibrasil.com.br<\/a><\/span><\/p>\n<p><span style=\"text-decoration: underline;\"><strong>Mestres<\/strong><\/span><\/p>\n<p style=\"text-align: center;\"><strong>KRU YAI ALZEMIRO DE CARVALHO (CHINA) &#8211; S\u00c3O LEOPOLDO\u00a0<\/strong><\/p>\n<p style=\"text-align: center;\">13\u00ba KHAN de Muaythai Boran\u00a0 (KMA\/WBMF)<\/p>\n<p style=\"text-align: center;\"><strong>KRU LUIZ FELIPE SILVA CARVALHO &#8211; SAPUCAIA DO SUL<\/strong><\/p>\n<p style=\"text-align: center;\">12\u00ba KHAN de\u00a0 Muaythai Boran (KMA\/WBMF)<\/p>\n<p style=\"text-align: center;\"><strong>KRU DANIEL SILVA DE CARVALHO &#8211; S\u00c3O LEOPOLDO\u00a0<\/strong><\/p>\n<p style=\"text-align: center;\">12\u00ba KHAN de Muaythai Boran (KMA\/WBMF)<\/p>\n<p style=\"text-align: center;\"><strong><strong>S\u00c3O LEOPOLDO &#8211;\u00a0 TELEFONE (51) 3590 1872<\/strong><\/strong><\/p>\n<p style=\"text-align: center;\"><strong><strong>Email: alzemirocarvalho@gmail.com<\/strong><\/strong><\/p>\n<p style=\"text-align: center;\"><strong><strong>\u00a0 \u00a0 \u00a0 \u00a0 \u00a0 \u00a0 \u00a0academiacarvalhosaoleo@gmail.com<\/strong><\/strong><\/p>\n<p style=\"text-align: center;\"><span style=\"color: #ffffff;\"><strong>centrodetreinamentocarvalho@hotmail.com<\/strong><\/span><\/p>\n<p style=\"text-align: center;\"><strong><strong>MUAYTHAI<\/strong><\/strong><\/p>\n<p style=\"text-align: center;\">Segundas, quartas e quintas \u00e0s 10:30hs, 15:30hs.<\/p>\n<p style=\"text-align: center;\">Segunda, Ter\u00e7a, Quarta e Quinta 18h30 e \u00e0s 20:00hs.<\/p>\n<p style=\"text-align: center;\">\n<p style=\"text-align: center;\"><strong>SAPUCAIA DO SUL &#8211; TELEFONE (51) 3034 1108)<\/strong><\/p>\n<p style=\"text-align: center;\"><strong>Email: clubecarvalho@gmail.com<\/strong><\/p>\n<p style=\"text-align: center;\"><strong>MUAYTHAI<\/strong><\/p>\n<p style=\"text-align: center;\">Ter\u00e7as e quintas \u00e0s 9:30h<\/p>\n<p style=\"text-align: center;\">Segundas, quartas e sextas \u00e0s 16:30h<\/p>\n<p style=\"text-align: center;\">Segundas, ter\u00e7as, quartas, quintas e sextas \u00e0s 19h<\/p>\n<p style=\"text-align: center;\">Segundas, quartas e sextas \u00e0s 21h<\/p>\n<p style=\"text-align: center;\">\n<div style=\"color: #222222; font-family: arial, sans-serif; line-height: normal;\">\n<\/div>\n","protected":false},"excerpt":{"rendered":"<p>O Muaythai, o qual tamb\u00e9m \u00e9 conhecido como Thai Boxing em alguns pa\u00edses como Estados Unidos e Inglaterra, \u00e9 muito conhecido tamb\u00e9m como Boxe Tailand\u00eas e \u00e9 uma Arte Marcial Tailandesa com mais de 2.000 anos de idade. A origem do Muaythai confunde-se com a origem do povo Tailand\u00eas. Existem v\u00e1rias vers\u00f5es sobre a origem [&hellip;]<\/p>\n","protected":false},"author":1,"featured_media":0,"parent":0,"menu_order":3,"comment_status":"closed","ping_status":"closed","template":"","meta":[],"_links":{"self":[{"href":"http:\/\/www.academiacarvalho.com.br\/site2010\/index.php?rest_route=\/wp\/v2\/pages\/19"}],"collection":[{"href":"http:\/\/www.academiacarvalho.com.br\/site2010\/index.php?rest_route=\/wp\/v2\/pages"}],"about":[{"href":"http:\/\/www.academiacarvalho.com.br\/site2010\/index.php?rest_route=\/wp\/v2\/types\/page"}],"author":[{"embeddable":true,"href":"http:\/\/www.academiacarvalho.com.br\/site2010\/index.php?rest_route=\/wp\/v2\/users\/1"}],"replies":[{"embeddable":true,"href":"http:\/\/www.academiacarvalho.com.br\/site2010\/index.php?rest_route=%2Fwp%2Fv2%2Fcomments&post=19"}],"version-history":[{"count":55,"href":"http:\/\/www.academiacarvalho.com.br\/site2010\/index.php?rest_route=\/wp\/v2\/pages\/19\/revisions"}],"predecessor-version":[{"id":1228,"href":"http:\/\/www.academiacarvalho.com.br\/site2010\/index.php?rest_route=\/wp\/v2\/pages\/19\/revisions\/1228"}],"wp:attachment":[{"href":"http:\/\/www.academiacarvalho.com.br\/site2010\/index.php?rest_route=%2Fwp%2Fv2%2Fmedia&parent=19"}],"curies":[{"name":"wp","href":"https:\/\/api.w.org\/{rel}","templated":true}]}}