{"id":205,"date":"2010-12-11T18:19:58","date_gmt":"2010-12-11T20:19:58","guid":{"rendered":"http:\/\/www.academiacarvalho.com.br\/site2010\/?page_id=205"},"modified":"2018-03-04T23:30:35","modified_gmt":"2018-03-05T01:30:35","slug":"jiu-jitsu","status":"publish","type":"page","link":"http:\/\/www.academiacarvalho.com.br\/site2010\/?page_id=205","title":{"rendered":"Jiu-Jitsu"},"content":{"rendered":"<p>Segundo alguns historiadores o Jiu-jitsu ou &#8220;arte suave&#8221;, nasceu na \u00cdndia e era praticado por monges budistas. Preocupados com a auto defesa, os monges desenvolveram uma t\u00e9cnica baseada nos princ\u00edpios do equil\u00edbrio, do sistema de articula\u00e7\u00e3o do corpo e das alavancas, evitando o uso da for\u00e7a e de armas. Com a expans\u00e3o do budismo o jiu-jitsu percorreu o Sudeste asi\u00e1tico, a China e, finalmente, chegou ao Jap\u00e3o, onde desenvolveu-se e popularizou-se.<\/p>\n<p>A partir do final do s\u00e9culo XIX, alguns mestres de jiu-jitsu migraram do Jap\u00e3o para outros Continentes, vivendo do ensino da arte marcial e das lutas que realizavam.<\/p>\n<p>Esai Maeda Koma, conhecido como Conde Koma, foi um deles. Depois de viajar com sua trupe lutando em v\u00e1rios pa\u00edses da Europa e das Am\u00e9ricas, chegou ao Brasil em 1915 e se fixou em Bel\u00e9m do Par\u00e1, no ano seguinte, onde conheceu Gast\u00e3o Gracie. Pai de oito filhos, cinco homens e tr\u00eas mulheres, Gast\u00e3o tornou-se um entusiasta do jiu-jitsu e levou o mais velho, Carlos, para aprender a luta com o japon\u00eas.<\/p>\n<p>Franzino por natureza, aos 15 anos, Carlos Gracie encontrou no jiu-jitsu um meio de realiza\u00e7\u00e3o pessoal. Aos 19, se transferiu para o Rio de Janeiro com a fam\u00edlia e adotou a profiss\u00e3o de lutador e professor dessa arte marcial. Viajou para Belo Horizonte e depois para S\u00e3o Paulo, ministrando aulas e vencendo advers\u00e1rios bem mais fortes fisicamente. Em 1925, voltou ao Rio e abriu a primeira Academia Gracie de Jiu-Jitsu. Convidou seus irm\u00e3os Oswaldo e Gast\u00e3o para assessor\u00e1-lo e assumiu a cria\u00e7\u00e3o dos menores George, com 14 anos, e H\u00e9lio,com 12.<\/p>\n<p>Desde ent\u00e3o, Carlos passou a transmitir seus conhecimentos aos irm\u00e3os, adequando e aperfei\u00e7oando a t\u00e9cnica \u00e0 complei\u00e7\u00e3o f\u00edsica franzina caracter\u00edstica de sua fam\u00edlia.<\/p>\n<p>Tamb\u00e9m transmitiu-lhes sua filosofia de vida e conceitos de alimenta\u00e7\u00e3o natural, sendo um pioneiro na cria\u00e7\u00e3o de uma dieta especial para atletas, a Dieta Gracie, transformando o jiu-jitsu em sin\u00f4nimo de sa\u00fade.<\/p>\n<p>De posse de uma eficiente t\u00e9cnica de defesa pessoal, Carlos Gracie viu no jiu-jitsu um meio para se tornar um homem mais tolerante, respeitoso e autoconfiante. Imbu\u00eddo de provar a superioridade do jiu-jitsu e formar uma tradi\u00e7\u00e3o familiar, Carlos Gracie lan\u00e7ou desafios aos grandes lutadores da \u00e9poca e passou a gerenciar a carreira dos irm\u00e3os.<\/p>\n<p>Enfrentando advers\u00e1rios 20, 30 quilos mais pesados, os Gracie logo adquiriram fama e notoriedade nacional. Atra\u00eddos pelo novo mercado que se abriu em torno do jiu-jitsu, muitos japoneses vieram para o Rio, por\u00e9m, nenhum deles formou uma escola t\u00e3o s\u00f3lida quanto a da Academia Gracie, pois o jiu-jitsu que praticavam privilegiava as quedas e o dos Gracie, o aprimoramento da luta no ch\u00e3o e os golpes de finaliza\u00e7\u00e3o.<\/p>\n<p>Ao modificar as regras internacionais do jiu-jitsu japon\u00eas nas lutas que ele e os irm\u00e3os realizavam, Carlos Gracie iniciou o primeiro caso de mudan\u00e7a de nacionalidade de uma luta, ou esporte, na hist\u00f3ria esportiva mundial. Anos depois, a arte marcial japonesa passou a ser denominada de jiu-jitsu brasileiro, sendo exportada para o mundo todo, inclusive para o Jap\u00e3o.<\/p>\n<p>Professor Patrick Regner da Gracie Humait\u00e1, filiado a CBJJ ( Confedera\u00e7\u00e3o Brasileira de Jiu-Jitsu)<\/p>\n<p><strong>SAPUCAIA DO SUL &#8211; FONE&nbsp; (51) 3034&nbsp; 1108<\/strong><\/p>\n<p><strong>Email: clubecarvalho@gmail.com<\/strong><\/p>\n<p>&nbsp;<\/p>\n<div style=\"color: #222222; font-family: arial, sans-serif; line-height: normal;\">&nbsp;<\/div>\n<div style=\"color: #222222; font-family: arial, sans-serif; line-height: normal;\"><strong><strong>JIU-JITSU<\/strong><\/strong><\/div>\n<div style=\"color: #222222; font-family: arial, sans-serif; line-height: normal;\"><strong><strong>&nbsp;<\/strong><\/strong><\/div>\n<div style=\"color: #222222; font-family: arial, sans-serif; line-height: normal;\"><strong>Segundas, ter\u00e7as, quartas,quintas e sextas \u00e0s 10:30h e \u00e0s 18h<\/strong><\/div>\n<div style=\"color: #222222; font-family: arial, sans-serif; line-height: normal;\">&nbsp;<\/div>\n<div style=\"color: #222222; font-family: arial, sans-serif; line-height: normal;\"><b>Ter\u00e7as e quintas \u00e0s 20h&nbsp;<\/b><\/div>\n<div style=\"color: #222222; font-family: arial, sans-serif; line-height: normal;\">&nbsp;<\/div>\n<div style=\"color: #222222; font-family: arial, sans-serif; line-height: normal;\"><strong>Segundas e quartas \u00e0s 18h (Kids a partir dos 8 anos)<\/strong><\/div>\n<div style=\"color: #222222; font-family: arial, sans-serif; line-height: normal;\">&nbsp;<\/div>\n<div style=\"color: #222222; font-family: arial, sans-serif; line-height: normal;\">\n<div style=\"font-size: 14px; background-color: #f3f4ee; color: #222222; font-family: arial, sans-serif; line-height: normal;\">&nbsp;<\/div>\n<div style=\"font-size: 14px; background-color: #f3f4ee; color: #222222; font-family: arial, sans-serif; line-height: normal;\"><strong>S\u00e3o Leopoldo &#8211; Scharlau;&nbsp; &nbsp; Fone 3590-1872<\/strong><\/div>\n<div style=\"font-size: 14px; background-color: #f3f4ee; color: #222222; font-family: arial, sans-serif; line-height: normal;\"><strong>E-mail: daniel_carvalho2611@hotmail.com<\/strong><\/div>\n<div style=\"font-size: 14px; background-color: #f3f4ee; color: #222222; font-family: arial, sans-serif; line-height: normal;\">\n<p>&nbsp;<\/p>\n<div><strong>JIU-JITSU:<\/strong><\/div>\n<div><strong>Segunda, Quarta e sexta&nbsp;d\u00e1s&nbsp;22:30hs \u00e0s 00:00hs<\/strong><\/div>\n<div><strong>Ter\u00e7a e Quinta d\u00e1s 19:30 \u00e0s 21:00hs<\/strong><\/div>\n<p><strong><br \/>\n<\/strong><\/p>\n<p>&nbsp;<\/p>\n<\/div>\n<p>&nbsp;<\/p>\n<p>&nbsp;<\/p>\n<\/div>\n","protected":false},"excerpt":{"rendered":"<p>Segundo alguns historiadores o Jiu-jitsu ou &#8220;arte suave&#8221;, nasceu na \u00cdndia e era praticado por monges budistas. Preocupados com a auto defesa, os monges desenvolveram uma t\u00e9cnica baseada nos princ\u00edpios do equil\u00edbrio, do sistema de articula\u00e7\u00e3o do corpo e das alavancas, evitando o uso da for\u00e7a e de armas. Com a expans\u00e3o do budismo o [&hellip;]<\/p>\n","protected":false},"author":1,"featured_media":0,"parent":0,"menu_order":10,"comment_status":"open","ping_status":"closed","template":"","meta":[],"_links":{"self":[{"href":"http:\/\/www.academiacarvalho.com.br\/site2010\/index.php?rest_route=\/wp\/v2\/pages\/205"}],"collection":[{"href":"http:\/\/www.academiacarvalho.com.br\/site2010\/index.php?rest_route=\/wp\/v2\/pages"}],"about":[{"href":"http:\/\/www.academiacarvalho.com.br\/site2010\/index.php?rest_route=\/wp\/v2\/types\/page"}],"author":[{"embeddable":true,"href":"http:\/\/www.academiacarvalho.com.br\/site2010\/index.php?rest_route=\/wp\/v2\/users\/1"}],"replies":[{"embeddable":true,"href":"http:\/\/www.academiacarvalho.com.br\/site2010\/index.php?rest_route=%2Fwp%2Fv2%2Fcomments&post=205"}],"version-history":[{"count":21,"href":"http:\/\/www.academiacarvalho.com.br\/site2010\/index.php?rest_route=\/wp\/v2\/pages\/205\/revisions"}],"predecessor-version":[{"id":1039,"href":"http:\/\/www.academiacarvalho.com.br\/site2010\/index.php?rest_route=\/wp\/v2\/pages\/205\/revisions\/1039"}],"wp:attachment":[{"href":"http:\/\/www.academiacarvalho.com.br\/site2010\/index.php?rest_route=%2Fwp%2Fv2%2Fmedia&parent=205"}],"curies":[{"name":"wp","href":"https:\/\/api.w.org\/{rel}","templated":true}]}}