{"id":960,"date":"2016-12-22T14:26:21","date_gmt":"2016-12-22T16:26:21","guid":{"rendered":"http:\/\/www.academiacarvalho.com.br\/site2010\/?page_id=960"},"modified":"2019-03-26T16:19:44","modified_gmt":"2019-03-26T18:19:44","slug":"sao-leopoldo","status":"publish","type":"page","link":"http:\/\/www.academiacarvalho.com.br\/site2010\/?page_id=960","title":{"rendered":"S\u00e3o Leopoldo (Centro)"},"content":{"rendered":"<p><strong>Taekwondo<\/strong><\/p>\n<p>Segundas, Quartas e Sextas \u00e0s:<\/p>\n<p>09:00 hs, 16:00 hs e \u00e0s 19:00 hs.<\/p>\n<p><strong>Hapkido<\/strong><br \/>\nSegundas, Quartas \u00e0s 20:30 hs.<\/p>\n<p>Sextas \u00e0s 20:00 hs<\/p>\n<p>Ter\u00e7as e Quintas \u00e0s 16:30 hs.<\/p>\n<p><strong>MuayThai<\/strong><br \/>\nTer\u00e7as e Quintas \u00e0s 10:30 sh, 15:00 hs, 19:00h e \u00e0s 20:30 hs.<\/p>\n<p>Sextas \u00e0s 21:00 hs.<\/p>\n<p><strong>Kickboxing<\/strong><br \/>\nTer\u00e7as e Quintas \u00e0s 20:30 hs.<\/p>\n<p>Sextas \u00e0s 21:00 hs.<\/p>\n<p><strong>Endere\u00e7o:&nbsp;<\/strong>Avenida Dom Jo\u00e3o Becker 570, S\u00e3o Leopoldo &#8211; RS<\/p>\n<p><strong>Contato:<\/strong>&nbsp;<a href=\"mailto:academiacarvalhosaoleo@gmail.com\">academiacarvalhosaoleo@gmail.com<\/a>&nbsp;<\/p>\n<p>&nbsp; &nbsp; &nbsp; &nbsp; &nbsp; &nbsp; &nbsp; &nbsp;<a href=\"mailto:alzemirocarvalho@gmail.com\">alzemirocarvalho@gmail.com<\/a><\/p>\n<p><strong>Telefone:<\/strong>&nbsp;(51) 3037 7342<\/p>\n","protected":false},"excerpt":{"rendered":"<p>Taekwondo Segundas, Quartas e Sextas \u00e0s: 09:00 hs, 16:00 hs e \u00e0s 19:00 hs. Hapkido Segundas, Quartas \u00e0s 20:30 hs. Sextas \u00e0s 20:00 hs Ter\u00e7as e Quintas \u00e0s 16:30 hs. MuayThai Ter\u00e7as e Quintas \u00e0s 10:30 sh, 15:00 hs, 19:00h e \u00e0s 20:30 hs. Sextas \u00e0s 21:00 hs. Kickboxing Ter\u00e7as e Quintas \u00e0s 20:30 hs. [&hellip;]<\/p>\n","protected":false},"author":1,"featured_media":0,"parent":955,"menu_order":0,"comment_status":"closed","ping_status":"closed","template":"","meta":[],"_links":{"self":[{"href":"http:\/\/www.academiacarvalho.com.br\/site2010\/index.php?rest_route=\/wp\/v2\/pages\/960"}],"collection":[{"href":"http:\/\/www.academiacarvalho.com.br\/site2010\/index.php?rest_route=\/wp\/v2\/pages"}],"about":[{"href":"http:\/\/www.academiacarvalho.com.br\/site2010\/index.php?rest_route=\/wp\/v2\/types\/page"}],"author":[{"embeddable":true,"href":"http:\/\/www.academiacarvalho.com.br\/site2010\/index.php?rest_route=\/wp\/v2\/users\/1"}],"replies":[{"embeddable":true,"href":"http:\/\/www.academiacarvalho.com.br\/site2010\/index.php?rest_route=%2Fwp%2Fv2%2Fcomments&post=960"}],"version-history":[{"count":20,"href":"http:\/\/www.academiacarvalho.com.br\/site2010\/index.php?rest_route=\/wp\/v2\/pages\/960\/revisions"}],"predecessor-version":[{"id":1121,"href":"http:\/\/www.academiacarvalho.com.br\/site2010\/index.php?rest_route=\/wp\/v2\/pages\/960\/revisions\/1121"}],"up":[{"embeddable":true,"href":"http:\/\/www.academiacarvalho.com.br\/site2010\/index.php?rest_route=\/wp\/v2\/pages\/955"}],"wp:attachment":[{"href":"http:\/\/www.academiacarvalho.com.br\/site2010\/index.php?rest_route=%2Fwp%2Fv2%2Fmedia&parent=960"}],"curies":[{"name":"wp","href":"https:\/\/api.w.org\/{rel}","templated":true}]}}